{"id":597,"date":"2009-06-30T19:49:53","date_gmt":"2009-06-30T17:49:53","guid":{"rendered":"http:\/\/www.parteimarx.org\/wordpress\/?page_id=597"},"modified":"2011-05-31T23:38:32","modified_gmt":"2011-05-31T21:38:32","slug":"597-2","status":"publish","type":"page","link":"https:\/\/www.parteimarx.org\/?page_id=597","title":{"rendered":""},"content":{"rendered":"<div style=\"position: relative; top: -50px; background-image: url(http:\/\/www.parteimarx.org\/wp-content\/themes\/parteiMarx\/images\/hintergrund.jpg); background-repeat: no-repeat; background-position: 0% 35%;\">\n<p style=\"text-align: justify; padding-left: 30px; padding-right: 140px; padding-top: 60px;\"><span style=\"color: #ff0000;\">B\u00fcrgerliche Revolutionen, wie die des achtzehnten Jahrhunderts, st\u00fcrmen rascher von Erfolg zu Erfolg, ihre dramatischen Effekte \u00fcberbieten sich, Menschen und Dinge scheinen in Feuerbrillianten gefa\u00dft, die Ekstase ist der Geist jedes Tages; aber sie sind kurzlebig, bald haben sie ihren H\u00f6hepunkt erreicht, und ein langer Katzenjammer erfa\u00dft die Gesellschaft, ehe sie die Resultate ihrer Drang- und Sturmperiode n\u00fcchtern sich aneignen lernt.<br \/>\nProletarische Revolutionen dagegen, wie die des neunzehnten Jahrhunderts, kritisieren best\u00e4ndig sich selbst, unterbrechen sich fortw\u00e4hrend in ihrem eignen Lauf, kommen auf das scheinbar Vollbrachte zur\u00fcck, um es wieder von neuem anzufangen, verh\u00f6hnen grausam \u2013gr\u00fcndlich die Halbheiten, Schw\u00e4chen und Erb\u00e4rmlichkeiten ihrer ersten Versuche, scheinen ihren Gegner nur niederzuwerfen, damit er neue Kr\u00e4fte aus der Erde sauge und sich riesenhafter ihnen gegen\u00fcber wieder aufrichte, schrecken stets von neuem zur\u00fcck vor der unbestimmten Ungeheuerlichkeit ihrer eignen Zwecke, bis die Situation geschaffen ist, die jede Umkehr unm\u00f6glich macht und die Verh\u00e4ltnisse selbst rufen:<\/span><\/p>\n<p style=\"padding-left: 150px; padding-right: 60px;\"><span style=\"color: #ff0000;\">Hic Rhodus, hic salta!<br \/>\nHier ist die Rose, hier tanze!<\/span><\/p>\n<p style=\"padding-left: 150px; font-size: smaller; padding-bottom:70px;\"><span style=\"color: #ff0000;\">(Karl Marx: Der achtzehnte Brumaire des Louis Bonaparte)<\/span><\/p>\n<\/div>\n","protected":false},"excerpt":{"rendered":"<p>B\u00fcrgerliche Revolutionen, wie die des achtzehnten Jahrhunderts, st\u00fcrmen rascher von Erfolg zu Erfolg, ihre dramatischen Effekte \u00fcberbieten sich, Menschen und Dinge scheinen in Feuerbrillianten gefa\u00dft, die Ekstase ist der Geist jedes Tages; aber sie sind kurzlebig, bald haben sie ihren H\u00f6hepunkt erreicht, und ein langer Katzenjammer erfa\u00dft die Gesellschaft, ehe sie die Resultate ihrer Drang- [&hellip;]<\/p>\n","protected":false},"author":1,"featured_media":0,"parent":0,"menu_order":0,"comment_status":"open","ping_status":"closed","template":"","meta":[],"_links":{"self":[{"href":"https:\/\/www.parteimarx.org\/index.php?rest_route=\/wp\/v2\/pages\/597"}],"collection":[{"href":"https:\/\/www.parteimarx.org\/index.php?rest_route=\/wp\/v2\/pages"}],"about":[{"href":"https:\/\/www.parteimarx.org\/index.php?rest_route=\/wp\/v2\/types\/page"}],"author":[{"embeddable":true,"href":"https:\/\/www.parteimarx.org\/index.php?rest_route=\/wp\/v2\/users\/1"}],"replies":[{"embeddable":true,"href":"https:\/\/www.parteimarx.org\/index.php?rest_route=%2Fwp%2Fv2%2Fcomments&post=597"}],"version-history":[{"count":0,"href":"https:\/\/www.parteimarx.org\/index.php?rest_route=\/wp\/v2\/pages\/597\/revisions"}],"wp:attachment":[{"href":"https:\/\/www.parteimarx.org\/index.php?rest_route=%2Fwp%2Fv2%2Fmedia&parent=597"}],"curies":[{"name":"wp","href":"https:\/\/api.w.org\/{rel}","templated":true}]}}